{"id":93,"date":"2026-03-08T19:02:04","date_gmt":"2026-03-08T19:02:04","guid":{"rendered":"https:\/\/innovartepropiedades.cl\/site\/?page_id=93"},"modified":"2026-03-08T19:02:06","modified_gmt":"2026-03-08T19:02:06","slug":"politica-de-privacidad","status":"publish","type":"page","link":"https:\/\/innovartepropiedades.cl\/site\/index.php\/politica-de-privacidad\/","title":{"rendered":"Pol\u00edtica de Privacidad"},"content":{"rendered":"\n<h2 class=\"wp-block-heading\">POLI\u0301TICA DE PRIVACIDAD<\/h2>\n\n\n\n<ol class=\"wp-block-list\">\n<li><strong>Responsable del tratamiento de datos:<br><\/strong>Innovarte Propiedades SpA es la responsable de los datos personales recopilados<br>a trav\u00e9s de este sitio web, de conformidad con la normativa chilena vigente,<br>incluyendo sus modificaciones e incluida la Ley N\u00ba21.719 sobre protecci\u00f3n de<br>datos personales.<br>Nuestro domicilio est\u00e1 ubicado en: Suecia N\u00ba0142, oficina 202, Providencia. RM.<br>Email: contacto@innovartepropiedades.cl<\/li>\n\n\n\n<li><strong>Informaci\u00f3n que es recogida<br><\/strong>Nuestra web podr\u00e1\u0301 recoger informaci\u00f3n personal como por ejemplo:<br>Datos de identificaci\u00f3n y contacto (nombres y apellidos, direcci\u00f3n de correo<br>electr\u00f3nico e informaci\u00f3n demogr\u00e1fica, n\u00famero de tel\u00e9fono fijo y\/o celular). As\u00ed\u0301<br>mismo cuando sea necesario podr\u00e1\u0301 ser requerida informaci\u00f3n espec\u00edfica para<br>procesar alg\u00fan pedido o realizar una entrega o facturaci\u00f3n.<br>Adem\u00e1s, se le podr\u00e1 solicitar informaci\u00f3n sobre propiedades vinculadas,<br>preferencias o comunicaci\u00f3n, mensajes enviados mediante formularios de<br>contacto, solicitudes de informaci\u00f3n, comentarios u otros campos libres.<\/li>\n\n\n\n<li><strong>Uso de la informaci\u00f3n recogida<br><\/strong>Nuestra web emplea la informaci\u00f3n con el fin de proporcionar un mejor servicio y<br>es posible que sean enviados correos electr\u00f3nicos con la finalidad de: realizar<br>ofertas especiales, nuevos servicios, responder mensajes, coordinar visitas,<br>derivar solicitudes y realizar seguimiento comercial, adem\u00e1s de cualquier otra<br>informaci\u00f3n publicitaria que consideremos relevantes para usted o que pueda<br>brindarle alg\u00fan beneficio, estos correos electr\u00f3nicos ser\u00e1n enviados a la direcci\u00f3n<br>que usted proporcione y podr\u00e1n ser cancelados en cualquier momento. Nuestro<br>compromiso es mantenerle informado y actualizado.<\/li>\n\n\n\n<li><strong>Enlaces a Terceros<\/strong> Nuestra empresa podr\u00e1 compartir sus datos personales a terceros que act\u00faan como \u201cencargados del tratamiento de datos\u201d, y que lo realizan ,exclusivamente,<br>para prestar servicios de apoyo a nuestra operaci\u00f3n diaria, esto es: Servicios de<br>hosting y base de datos, plataformas de env\u00edo de correos y notificaciones,<br>herramientas de anal\u00edtica y medici\u00f3n del uso del sitio web, servicios de seguridad,<br>protecci\u00f3n anti-spam y recaptcha.<br>Cabe se\u00f1alar que estos terceros tratan los datos siguiendo nuestras instrucciones,<br>conforme a contratos de encargo y sin utilizar la informaci\u00f3n para fines propios.<br>Innovarte Propiedades SpA se reserva el derecho de cambiar los t\u00e9rminos de la<br>presente Pol\u00edtica de Privacidad en cualquier momento y de acuerdo a las nuevas<br>modificaciones que pueda presentar la Ley vigente.<\/li>\n\n\n\n<li><strong>Tiempo de conservaci\u00f3n<br><\/strong>Los datos personales ser\u00e1n conservados durante cinco a\u00f1os, tiempo estrictamente<br>necesario para cumplir con las finalidades descritas y durante los plazos de<br>prescripci\u00f3n legal que resulten aplicables, conforme a lo establecido en la<br>normativa chilena.<\/li>\n\n\n\n<li><strong>Derechos de las personas (ARCOP)<br><\/strong>El cliente puede ejercer, en cualquier momento y de forma gratuita, los derechos<br>que le reconoce la protecci\u00f3n de datos personales, entre ellos: el acceso a saber<br>qu\u00e9 datos personales tratamos y obtener una copia de ellos; la rectificaci\u00f3n de<br>solicitar la correcci\u00f3n de informaci\u00f3n inexacta o incompleta; la cancelaci\u00f3n o<br>eliminaci\u00f3n de pedir supresi\u00f3n de los datos cuando ya no sean necesarios o<br>cuando se retire el consentimiento; la oposici\u00f3n al tratamiento de datos en ciertos<br>casos, especialmente los referentes a marketing; la limitaci\u00f3n del tratamiento al<br>solicitar que se restrinja temporalmente el uso de los datos en determinadas<br>circunstancias; la portabilidad de recibir datos personales en un formato<br>estructurado y, cuando sea t\u00e9cnicamente posible, solicitando su transmisi\u00f3n a otra<br>entidad responsable; el retiro de consentimiento en los tratamiento basados en el<br>consentimiento del cliente y que este pueda ser retirado en cualquier momento sin<br>efecto retroactivo y; el reclamo ante la autoridad competente en caso de<br>considerarse que los derechos no han sido debidamente respetados, pudiendo<br>acudir a la autoridad de control en materia de protecci\u00f3n de datos en Chile.<br>Para ejercer dichos derechos, puede enviar su solicitud al email:<br>contacto@innovartepropiedades.cl indicando correctamente su identificaci\u00f3n, el<br>derecho que desea ejercer y la informaci\u00f3n a que se debe su solicitud. No<br>obstante, lo anterior, podremos eventualmente, requerir antecedentes adicionales<br>para verificar su identidad. Respecto a la respuesta, esta se dar\u00e1 dentro de los<br>plazos establecidos por la Ley.<\/li>\n\n\n\n<li><strong>Consentimiento.<\/strong> Nuestra Pol\u00edtica de Privacidad le brinda total transparencia sobre la informaci\u00f3n<br>que se configura cuando visita nuestro sitio web, por lo cual al utilizarlo usted<br>acepta nuestra Pol\u00edtica de Privacidad y sus t\u00e9rminos de uso.<\/li>\n<\/ol>\n\n\n\n<ol start=\"8\" class=\"wp-block-list\">\n<li><strong>Menores de edad.<br><\/strong>Nuestra compa\u00f1\u00eda no recopila informaci\u00f3n personal de menores de 18 a\u00f1os y en<br>caso de que esto ocurriera, la informaci\u00f3n ser\u00e1 eliminada inmediatamente.<\/li>\n\n\n\n<li><strong>Uso de Herramientas de Google y transferencia internacional de datos.<br><\/strong>Nuestra corredora de propiedades utiliza servicios de Google (incluyendo entre<br>otros, Google Analytics, Google Maps, y Google Ads) con el objeto de optimizar la<br>experiencia de b\u00fasqueda de propiedades, medir el tr\u00e1fico del sitio y gestionar<br>publicidad personalizada. Al interactuar con nuestro sitio web, usted consiente<br>que Google recopile informaci\u00f3n t\u00e9cnica (direcci\u00f3n IP, tipo de navegador, cookies)<br>y datos de actividad. Google puede transferir y procesar esta informaci\u00f3n en sus<br>servidores ubicados fuera de su pa\u00eds de residencia, incluyendo Estados Unidos.<br>Dichas transferencias se realizan bajo estrictos est\u00e1ndares de seguridad y<br>pol\u00edticas de privacidad de Google. Usted puede gestionar estas preferencias de<br>privacidad directamente en la configuraci\u00f3n de su cuenta de Google.<\/li>\n<\/ol>\n","protected":false},"excerpt":{"rendered":"<p>POLI\u0301TICA DE PRIVACIDAD<\/p>\n","protected":false},"author":2,"featured_media":0,"parent":0,"menu_order":0,"comment_status":"closed","ping_status":"closed","template":"","meta":{"_frontis_meta_header_display":false,"_frontis_meta_footer_display":false,"_frontis_meta_site_title_display":false,"_frontis_meta_sticky_header":false,"_frontis_meta_transparent_header":false,"_frontis_meta_lazy_load":false,"_frontis_meta_transparent_bg_color":"","_frontis_meta_sticky_bg_color":"","footnotes":""},"class_list":["post-93","page","type-page","status-publish","hentry"],"yoast_head":"<!-- This site is optimized with the Yoast SEO plugin v27.4 - https:\/\/yoast.com\/product\/yoast-seo-wordpress\/ -->\n<title>Pol\u00edtica de Privacidad - Innovarte Propiedades<\/title>\n<meta name=\"robots\" content=\"index, follow, max-snippet:-1, max-image-preview:large, max-video-preview:-1\" \/>\n<link rel=\"canonical\" href=\"https:\/\/innovartepropiedades.cl\/site\/index.php\/politica-de-privacidad\/\" \/>\n<meta property=\"og:locale\" content=\"es_ES\" \/>\n<meta property=\"og:type\" content=\"article\" \/>\n<meta property=\"og:title\" content=\"Pol\u00edtica de Privacidad - Innovarte Propiedades\" \/>\n<meta property=\"og:description\" content=\"POLI\u0301TICA DE PRIVACIDAD\" \/>\n<meta property=\"og:url\" content=\"https:\/\/innovartepropiedades.cl\/site\/index.php\/politica-de-privacidad\/\" \/>\n<meta property=\"og:site_name\" content=\"Innovarte Propiedades\" \/>\n<meta property=\"article:modified_time\" content=\"2026-03-08T19:02:06+00:00\" \/>\n<meta name=\"twitter:card\" content=\"summary_large_image\" \/>\n<meta name=\"twitter:label1\" content=\"Tiempo de lectura\" \/>\n\t<meta name=\"twitter:data1\" content=\"4 minutos\" \/>\n<script type=\"application\/ld+json\" class=\"yoast-schema-graph\">{\"@context\":\"https:\\\/\\\/schema.org\",\"@graph\":[{\"@type\":\"WebPage\",\"@id\":\"https:\\\/\\\/innovartepropiedades.cl\\\/site\\\/index.php\\\/politica-de-privacidad\\\/\",\"url\":\"https:\\\/\\\/innovartepropiedades.cl\\\/site\\\/index.php\\\/politica-de-privacidad\\\/\",\"name\":\"Pol\u00edtica de Privacidad - Innovarte Propiedades\",\"isPartOf\":{\"@id\":\"https:\\\/\\\/innovartepropiedades.cl\\\/site\\\/#website\"},\"datePublished\":\"2026-03-08T19:02:04+00:00\",\"dateModified\":\"2026-03-08T19:02:06+00:00\",\"breadcrumb\":{\"@id\":\"https:\\\/\\\/innovartepropiedades.cl\\\/site\\\/index.php\\\/politica-de-privacidad\\\/#breadcrumb\"},\"inLanguage\":\"es\",\"potentialAction\":[{\"@type\":\"ReadAction\",\"target\":[\"https:\\\/\\\/innovartepropiedades.cl\\\/site\\\/index.php\\\/politica-de-privacidad\\\/\"]}]},{\"@type\":\"BreadcrumbList\",\"@id\":\"https:\\\/\\\/innovartepropiedades.cl\\\/site\\\/index.php\\\/politica-de-privacidad\\\/#breadcrumb\",\"itemListElement\":[{\"@type\":\"ListItem\",\"position\":1,\"name\":\"Portada\",\"item\":\"https:\\\/\\\/innovartepropiedades.cl\\\/site\\\/\"},{\"@type\":\"ListItem\",\"position\":2,\"name\":\"Pol\u00edtica de Privacidad\"}]},{\"@type\":\"WebSite\",\"@id\":\"https:\\\/\\\/innovartepropiedades.cl\\\/site\\\/#website\",\"url\":\"https:\\\/\\\/innovartepropiedades.cl\\\/site\\\/\",\"name\":\"Innovarte Propiedades\",\"description\":\"Arrienda y vende sin complicaciones\",\"potentialAction\":[{\"@type\":\"SearchAction\",\"target\":{\"@type\":\"EntryPoint\",\"urlTemplate\":\"https:\\\/\\\/innovartepropiedades.cl\\\/site\\\/?s={search_term_string}\"},\"query-input\":{\"@type\":\"PropertyValueSpecification\",\"valueRequired\":true,\"valueName\":\"search_term_string\"}}],\"inLanguage\":\"es\"}]}<\/script>\n<!-- \/ Yoast SEO plugin. -->","yoast_head_json":{"title":"Pol\u00edtica de Privacidad - Innovarte Propiedades","robots":{"index":"index","follow":"follow","max-snippet":"max-snippet:-1","max-image-preview":"max-image-preview:large","max-video-preview":"max-video-preview:-1"},"canonical":"https:\/\/innovartepropiedades.cl\/site\/index.php\/politica-de-privacidad\/","og_locale":"es_ES","og_type":"article","og_title":"Pol\u00edtica de Privacidad - Innovarte Propiedades","og_description":"POLI\u0301TICA DE PRIVACIDAD","og_url":"https:\/\/innovartepropiedades.cl\/site\/index.php\/politica-de-privacidad\/","og_site_name":"Innovarte Propiedades","article_modified_time":"2026-03-08T19:02:06+00:00","twitter_card":"summary_large_image","twitter_misc":{"Tiempo de lectura":"4 minutos"},"schema":{"@context":"https:\/\/schema.org","@graph":[{"@type":"WebPage","@id":"https:\/\/innovartepropiedades.cl\/site\/index.php\/politica-de-privacidad\/","url":"https:\/\/innovartepropiedades.cl\/site\/index.php\/politica-de-privacidad\/","name":"Pol\u00edtica de Privacidad - Innovarte Propiedades","isPartOf":{"@id":"https:\/\/innovartepropiedades.cl\/site\/#website"},"datePublished":"2026-03-08T19:02:04+00:00","dateModified":"2026-03-08T19:02:06+00:00","breadcrumb":{"@id":"https:\/\/innovartepropiedades.cl\/site\/index.php\/politica-de-privacidad\/#breadcrumb"},"inLanguage":"es","potentialAction":[{"@type":"ReadAction","target":["https:\/\/innovartepropiedades.cl\/site\/index.php\/politica-de-privacidad\/"]}]},{"@type":"BreadcrumbList","@id":"https:\/\/innovartepropiedades.cl\/site\/index.php\/politica-de-privacidad\/#breadcrumb","itemListElement":[{"@type":"ListItem","position":1,"name":"Portada","item":"https:\/\/innovartepropiedades.cl\/site\/"},{"@type":"ListItem","position":2,"name":"Pol\u00edtica de Privacidad"}]},{"@type":"WebSite","@id":"https:\/\/innovartepropiedades.cl\/site\/#website","url":"https:\/\/innovartepropiedades.cl\/site\/","name":"Innovarte Propiedades","description":"Arrienda y vende sin complicaciones","potentialAction":[{"@type":"SearchAction","target":{"@type":"EntryPoint","urlTemplate":"https:\/\/innovartepropiedades.cl\/site\/?s={search_term_string}"},"query-input":{"@type":"PropertyValueSpecification","valueRequired":true,"valueName":"search_term_string"}}],"inLanguage":"es"}]}},"_links":{"self":[{"href":"https:\/\/innovartepropiedades.cl\/site\/index.php\/wp-json\/wp\/v2\/pages\/93","targetHints":{"allow":["GET"]}}],"collection":[{"href":"https:\/\/innovartepropiedades.cl\/site\/index.php\/wp-json\/wp\/v2\/pages"}],"about":[{"href":"https:\/\/innovartepropiedades.cl\/site\/index.php\/wp-json\/wp\/v2\/types\/page"}],"author":[{"embeddable":true,"href":"https:\/\/innovartepropiedades.cl\/site\/index.php\/wp-json\/wp\/v2\/users\/2"}],"replies":[{"embeddable":true,"href":"https:\/\/innovartepropiedades.cl\/site\/index.php\/wp-json\/wp\/v2\/comments?post=93"}],"version-history":[{"count":1,"href":"https:\/\/innovartepropiedades.cl\/site\/index.php\/wp-json\/wp\/v2\/pages\/93\/revisions"}],"predecessor-version":[{"id":94,"href":"https:\/\/innovartepropiedades.cl\/site\/index.php\/wp-json\/wp\/v2\/pages\/93\/revisions\/94"}],"wp:attachment":[{"href":"https:\/\/innovartepropiedades.cl\/site\/index.php\/wp-json\/wp\/v2\/media?parent=93"}],"curies":[{"name":"wp","href":"https:\/\/api.w.org\/{rel}","templated":true}]}}