{"id":20,"date":"2026-02-03T16:15:32","date_gmt":"2026-02-03T16:15:32","guid":{"rendered":"https:\/\/innovartepropiedades.cl\/site\/?page_id=20"},"modified":"2026-04-08T22:55:25","modified_gmt":"2026-04-08T22:55:25","slug":"servicios","status":"publish","type":"page","link":"https:\/\/innovartepropiedades.cl\/site\/index.php\/servicios\/","title":{"rendered":"Servicios"},"content":{"rendered":"\n<div class=\"wp-block-group alignfull is-layout-flow wp-block-group-is-layout-flow\">\n<div class=\"wp-block-group alignfull has-global-padding is-layout-constrained wp-container-core-group-is-layout-31b6af0a wp-block-group-is-layout-constrained\" style=\"padding-top:var(--wp--preset--spacing--superbspacing-xxlarge);padding-right:var(--wp--preset--spacing--superbspacing-small);padding-bottom:var(--wp--preset--spacing--superbspacing-xxlarge);padding-left:var(--wp--preset--spacing--superbspacing-small)\">\n<div class=\"wp-block-group alignwide is-content-justification-space-between is-layout-flex wp-container-core-group-is-layout-cb5ed401 wp-block-group-is-layout-flex\">\n<div class=\"wp-block-group has-global-padding is-layout-constrained wp-container-core-group-is-layout-23f87c5f wp-block-group-is-layout-constrained\">\n<h2 class=\"wp-block-heading has-text-align-left has-contrast-color has-text-color has-superbfont-xlarge-font-size\">Servicios<\/h2>\n\n\n\n<p class=\"has-text-align-left has-secondary-color has-text-color has-superbfont-medium-font-size\">En Innovarte Propiedades maximizamos la rentabilidad de tu inversi\u00f3n con<br>administraci\u00f3n profesional y arriendos r\u00e1pidos. Gestionamos tu propiedad sin<br>complicaciones y concretamos la venta o compra ideal con valoraciones precisas.<\/p>\n\n\n\n<p class=\"has-text-align-left has-secondary-color has-text-color has-superbfont-medium-font-size\"><br>Nuestro objetivo es brindarte un servicio exclusivo y personalizado. Tu tranquilidad es nuestra prioridad.<\/p>\n\n\n\n<p class=\"has-text-align-left has-secondary-color has-text-color has-superbfont-medium-font-size\"><br>Arrendamos tu propiedad sin estr\u00e9s y ofrecemos una Administraci\u00f3n 360\u00b0,<br>gestionando todas las aristas que esto conlleva para velar por la integridad de tu<br>inmueble. Conf\u00edanos la Administraci\u00f3n de tu propiedad y olv\u00eddate de los<br>problemas.<\/p>\n\n\n\n<p class=\"has-text-align-left has-secondary-color has-text-color has-superbfont-medium-font-size\"><\/p>\n<\/div>\n<\/div>\n<\/div>\n<\/div>\n\n\n\n<div class=\"wp-block-media-text is-stacked-on-mobile\"><figure class=\"wp-block-media-text__media\"><img loading=\"lazy\" decoding=\"async\" width=\"794\" height=\"794\" src=\"https:\/\/innovartepropiedades.cl\/site\/wp-content\/uploads\/2026\/02\/freepik__real-estate-rental-traditional-chilean-home-red-cl__54073.png\" alt=\"\" class=\"wp-image-57 size-full\" srcset=\"https:\/\/innovartepropiedades.cl\/site\/wp-content\/uploads\/2026\/02\/freepik__real-estate-rental-traditional-chilean-home-red-cl__54073.png 794w, https:\/\/innovartepropiedades.cl\/site\/wp-content\/uploads\/2026\/02\/freepik__real-estate-rental-traditional-chilean-home-red-cl__54073-300x300.png 300w, https:\/\/innovartepropiedades.cl\/site\/wp-content\/uploads\/2026\/02\/freepik__real-estate-rental-traditional-chilean-home-red-cl__54073-150x150.png 150w, https:\/\/innovartepropiedades.cl\/site\/wp-content\/uploads\/2026\/02\/freepik__real-estate-rental-traditional-chilean-home-red-cl__54073-768x768.png 768w\" sizes=\"auto, (max-width: 794px) 100vw, 794px\" \/><\/figure><div class=\"wp-block-media-text__content\">\n<h4 class=\"wp-block-heading\">Arriendos y Administraci\u00f3n<\/h4>\n\n\n\n<p>Gesti\u00f3n integral de arriendos: selecci\u00f3n de clientes calificados, cobranza mensual, inventario y mantenimiento preventivo.<\/p>\n<\/div><\/div>\n\n\n\n<div class=\"wp-block-media-text is-stacked-on-mobile\"><figure class=\"wp-block-media-text__media\"><img loading=\"lazy\" decoding=\"async\" width=\"629\" height=\"634\" src=\"https:\/\/innovartepropiedades.cl\/site\/wp-content\/uploads\/2026\/02\/vecteezy_real-estate-broker-agent-talk-reach-contract-form-presenting_10648413-1.jpg\" alt=\"\" class=\"wp-image-61 size-full\" srcset=\"https:\/\/innovartepropiedades.cl\/site\/wp-content\/uploads\/2026\/02\/vecteezy_real-estate-broker-agent-talk-reach-contract-form-presenting_10648413-1.jpg 629w, https:\/\/innovartepropiedades.cl\/site\/wp-content\/uploads\/2026\/02\/vecteezy_real-estate-broker-agent-talk-reach-contract-form-presenting_10648413-1-298x300.jpg 298w, https:\/\/innovartepropiedades.cl\/site\/wp-content\/uploads\/2026\/02\/vecteezy_real-estate-broker-agent-talk-reach-contract-form-presenting_10648413-1-150x150.jpg 150w\" sizes=\"auto, (max-width: 629px) 100vw, 629px\" \/><\/figure><div class=\"wp-block-media-text__content\">\n<h4 class=\"wp-block-heading\">Venta de Propiedades<\/h4>\n\n\n\n<p>Estrategias de marketing avanzadas para la venta r\u00e1pida de tu inmueble, cuidando cada detalle del cierre.<\/p>\n<\/div><\/div>\n\n\n\n<div class=\"wp-block-media-text is-stacked-on-mobile\"><figure class=\"wp-block-media-text__media\"><img loading=\"lazy\" decoding=\"async\" width=\"850\" height=\"768\" src=\"https:\/\/innovartepropiedades.cl\/site\/wp-content\/uploads\/2026\/02\/vecteezy_financial-concept-building-real-estate-portfolio_46760804-1.jpeg\" alt=\"\" class=\"wp-image-62 size-full\" srcset=\"https:\/\/innovartepropiedades.cl\/site\/wp-content\/uploads\/2026\/02\/vecteezy_financial-concept-building-real-estate-portfolio_46760804-1.jpeg 850w, https:\/\/innovartepropiedades.cl\/site\/wp-content\/uploads\/2026\/02\/vecteezy_financial-concept-building-real-estate-portfolio_46760804-1-300x271.jpeg 300w, https:\/\/innovartepropiedades.cl\/site\/wp-content\/uploads\/2026\/02\/vecteezy_financial-concept-building-real-estate-portfolio_46760804-1-768x694.jpeg 768w\" sizes=\"auto, (max-width: 850px) 100vw, 850px\" \/><\/figure><div class=\"wp-block-media-text__content\">\n<h4 class=\"wp-block-heading\">Tasaciones<\/h4>\n\n\n\n<p>Evaluaciones comerciales precisas para fijar el precio justo y maximizar la rentabilidad de tu patrimonio.<\/p>\n<\/div><\/div>\n\n\n\n<div class=\"wp-block-media-text is-stacked-on-mobile\"><figure class=\"wp-block-media-text__media\"><img loading=\"lazy\" decoding=\"async\" width=\"794\" height=\"794\" src=\"https:\/\/innovartepropiedades.cl\/site\/wp-content\/uploads\/2026\/02\/vecteezy_successful-real-estate-deal-concluded-with-a-firm-handshake_68935616.jpg\" alt=\"\" class=\"wp-image-60 size-full\" srcset=\"https:\/\/innovartepropiedades.cl\/site\/wp-content\/uploads\/2026\/02\/vecteezy_successful-real-estate-deal-concluded-with-a-firm-handshake_68935616.jpg 794w, https:\/\/innovartepropiedades.cl\/site\/wp-content\/uploads\/2026\/02\/vecteezy_successful-real-estate-deal-concluded-with-a-firm-handshake_68935616-300x300.jpg 300w, https:\/\/innovartepropiedades.cl\/site\/wp-content\/uploads\/2026\/02\/vecteezy_successful-real-estate-deal-concluded-with-a-firm-handshake_68935616-150x150.jpg 150w, https:\/\/innovartepropiedades.cl\/site\/wp-content\/uploads\/2026\/02\/vecteezy_successful-real-estate-deal-concluded-with-a-firm-handshake_68935616-768x768.jpg 768w\" sizes=\"auto, (max-width: 794px) 100vw, 794px\" \/><\/figure><div class=\"wp-block-media-text__content\">\n<h4 class=\"wp-block-heading\">Confianza<\/h4>\n\n\n\n<p>Asesor\u00eda legal y corretaje profesional en cada etapa, asegurando transacciones seguras y transparentes. Adem\u00e1s del manejo de Comisiones de Confianza.<\/p>\n<\/div><\/div>\n\n\n\n<p><\/p>\n","protected":false},"excerpt":{"rendered":"<p>Servicios En Innovarte Propiedades maximizamos la rentabilidad de tu inversi\u00f3n conadministraci\u00f3n profesional y arriendos r\u00e1pidos. Gestionamos tu propiedad sincomplicaciones y concretamos la venta o compra ideal con valoraciones precisas. Nuestro objetivo es brindarte un servicio exclusivo y personalizado. Tu tranquilidad es nuestra prioridad. Arrendamos tu propiedad sin estr\u00e9s y ofrecemos una Administraci\u00f3n 360\u00b0,gestionando todas las [&hellip;]<\/p>\n","protected":false},"author":2,"featured_media":0,"parent":0,"menu_order":0,"comment_status":"closed","ping_status":"closed","template":"","meta":{"_frontis_meta_header_display":false,"_frontis_meta_footer_display":false,"_frontis_meta_site_title_display":false,"_frontis_meta_sticky_header":false,"_frontis_meta_transparent_header":false,"_frontis_meta_lazy_load":false,"_frontis_meta_transparent_bg_color":"","_frontis_meta_sticky_bg_color":"","footnotes":""},"class_list":["post-20","page","type-page","status-publish","hentry"],"yoast_head":"<!-- This site is optimized with the Yoast SEO plugin v27.4 - https:\/\/yoast.com\/product\/yoast-seo-wordpress\/ -->\n<title>Servicios - Innovarte Propiedades<\/title>\n<meta name=\"robots\" content=\"index, follow, max-snippet:-1, max-image-preview:large, max-video-preview:-1\" \/>\n<link rel=\"canonical\" href=\"https:\/\/innovartepropiedades.cl\/site\/index.php\/servicios\/\" \/>\n<meta property=\"og:locale\" content=\"es_ES\" \/>\n<meta property=\"og:type\" content=\"article\" \/>\n<meta property=\"og:title\" content=\"Servicios - Innovarte Propiedades\" \/>\n<meta property=\"og:description\" content=\"Servicios En Innovarte Propiedades maximizamos la rentabilidad de tu inversi\u00f3n conadministraci\u00f3n profesional y arriendos r\u00e1pidos. Gestionamos tu propiedad sincomplicaciones y concretamos la venta o compra ideal con valoraciones precisas. Nuestro objetivo es brindarte un servicio exclusivo y personalizado. Tu tranquilidad es nuestra prioridad. Arrendamos tu propiedad sin estr\u00e9s y ofrecemos una Administraci\u00f3n 360\u00b0,gestionando todas las [&hellip;]\" \/>\n<meta property=\"og:url\" content=\"https:\/\/innovartepropiedades.cl\/site\/index.php\/servicios\/\" \/>\n<meta property=\"og:site_name\" content=\"Innovarte Propiedades\" \/>\n<meta property=\"article:modified_time\" content=\"2026-04-08T22:55:25+00:00\" \/>\n<meta property=\"og:image\" content=\"https:\/\/innovartepropiedades.cl\/site\/wp-content\/uploads\/2026\/02\/freepik__real-estate-rental-traditional-chilean-home-red-cl__54073.png\" \/>\n\t<meta property=\"og:image:width\" content=\"794\" \/>\n\t<meta property=\"og:image:height\" content=\"794\" \/>\n\t<meta property=\"og:image:type\" content=\"image\/png\" \/>\n<meta name=\"twitter:card\" content=\"summary_large_image\" \/>\n<meta name=\"twitter:label1\" content=\"Tiempo de lectura\" \/>\n\t<meta name=\"twitter:data1\" content=\"2 minutos\" \/>\n<script type=\"application\/ld+json\" class=\"yoast-schema-graph\">{\"@context\":\"https:\\\/\\\/schema.org\",\"@graph\":[{\"@type\":\"WebPage\",\"@id\":\"https:\\\/\\\/innovartepropiedades.cl\\\/site\\\/index.php\\\/servicios\\\/\",\"url\":\"https:\\\/\\\/innovartepropiedades.cl\\\/site\\\/index.php\\\/servicios\\\/\",\"name\":\"Servicios - Innovarte Propiedades\",\"isPartOf\":{\"@id\":\"https:\\\/\\\/innovartepropiedades.cl\\\/site\\\/#website\"},\"primaryImageOfPage\":{\"@id\":\"https:\\\/\\\/innovartepropiedades.cl\\\/site\\\/index.php\\\/servicios\\\/#primaryimage\"},\"image\":{\"@id\":\"https:\\\/\\\/innovartepropiedades.cl\\\/site\\\/index.php\\\/servicios\\\/#primaryimage\"},\"thumbnailUrl\":\"https:\\\/\\\/innovartepropiedades.cl\\\/site\\\/wp-content\\\/uploads\\\/2026\\\/02\\\/freepik__real-estate-rental-traditional-chilean-home-red-cl__54073.png\",\"datePublished\":\"2026-02-03T16:15:32+00:00\",\"dateModified\":\"2026-04-08T22:55:25+00:00\",\"breadcrumb\":{\"@id\":\"https:\\\/\\\/innovartepropiedades.cl\\\/site\\\/index.php\\\/servicios\\\/#breadcrumb\"},\"inLanguage\":\"es\",\"potentialAction\":[{\"@type\":\"ReadAction\",\"target\":[\"https:\\\/\\\/innovartepropiedades.cl\\\/site\\\/index.php\\\/servicios\\\/\"]}]},{\"@type\":\"ImageObject\",\"inLanguage\":\"es\",\"@id\":\"https:\\\/\\\/innovartepropiedades.cl\\\/site\\\/index.php\\\/servicios\\\/#primaryimage\",\"url\":\"https:\\\/\\\/innovartepropiedades.cl\\\/site\\\/wp-content\\\/uploads\\\/2026\\\/02\\\/freepik__real-estate-rental-traditional-chilean-home-red-cl__54073.png\",\"contentUrl\":\"https:\\\/\\\/innovartepropiedades.cl\\\/site\\\/wp-content\\\/uploads\\\/2026\\\/02\\\/freepik__real-estate-rental-traditional-chilean-home-red-cl__54073.png\",\"width\":794,\"height\":794},{\"@type\":\"BreadcrumbList\",\"@id\":\"https:\\\/\\\/innovartepropiedades.cl\\\/site\\\/index.php\\\/servicios\\\/#breadcrumb\",\"itemListElement\":[{\"@type\":\"ListItem\",\"position\":1,\"name\":\"Portada\",\"item\":\"https:\\\/\\\/innovartepropiedades.cl\\\/site\\\/\"},{\"@type\":\"ListItem\",\"position\":2,\"name\":\"Servicios\"}]},{\"@type\":\"WebSite\",\"@id\":\"https:\\\/\\\/innovartepropiedades.cl\\\/site\\\/#website\",\"url\":\"https:\\\/\\\/innovartepropiedades.cl\\\/site\\\/\",\"name\":\"Innovarte Propiedades\",\"description\":\"Arrienda y vende sin complicaciones\",\"potentialAction\":[{\"@type\":\"SearchAction\",\"target\":{\"@type\":\"EntryPoint\",\"urlTemplate\":\"https:\\\/\\\/innovartepropiedades.cl\\\/site\\\/?s={search_term_string}\"},\"query-input\":{\"@type\":\"PropertyValueSpecification\",\"valueRequired\":true,\"valueName\":\"search_term_string\"}}],\"inLanguage\":\"es\"}]}<\/script>\n<!-- \/ Yoast SEO plugin. -->","yoast_head_json":{"title":"Servicios - Innovarte Propiedades","robots":{"index":"index","follow":"follow","max-snippet":"max-snippet:-1","max-image-preview":"max-image-preview:large","max-video-preview":"max-video-preview:-1"},"canonical":"https:\/\/innovartepropiedades.cl\/site\/index.php\/servicios\/","og_locale":"es_ES","og_type":"article","og_title":"Servicios - Innovarte Propiedades","og_description":"Servicios En Innovarte Propiedades maximizamos la rentabilidad de tu inversi\u00f3n conadministraci\u00f3n profesional y arriendos r\u00e1pidos. Gestionamos tu propiedad sincomplicaciones y concretamos la venta o compra ideal con valoraciones precisas. Nuestro objetivo es brindarte un servicio exclusivo y personalizado. Tu tranquilidad es nuestra prioridad. Arrendamos tu propiedad sin estr\u00e9s y ofrecemos una Administraci\u00f3n 360\u00b0,gestionando todas las [&hellip;]","og_url":"https:\/\/innovartepropiedades.cl\/site\/index.php\/servicios\/","og_site_name":"Innovarte Propiedades","article_modified_time":"2026-04-08T22:55:25+00:00","og_image":[{"width":794,"height":794,"url":"https:\/\/innovartepropiedades.cl\/site\/wp-content\/uploads\/2026\/02\/freepik__real-estate-rental-traditional-chilean-home-red-cl__54073.png","type":"image\/png"}],"twitter_card":"summary_large_image","twitter_misc":{"Tiempo de lectura":"2 minutos"},"schema":{"@context":"https:\/\/schema.org","@graph":[{"@type":"WebPage","@id":"https:\/\/innovartepropiedades.cl\/site\/index.php\/servicios\/","url":"https:\/\/innovartepropiedades.cl\/site\/index.php\/servicios\/","name":"Servicios - Innovarte Propiedades","isPartOf":{"@id":"https:\/\/innovartepropiedades.cl\/site\/#website"},"primaryImageOfPage":{"@id":"https:\/\/innovartepropiedades.cl\/site\/index.php\/servicios\/#primaryimage"},"image":{"@id":"https:\/\/innovartepropiedades.cl\/site\/index.php\/servicios\/#primaryimage"},"thumbnailUrl":"https:\/\/innovartepropiedades.cl\/site\/wp-content\/uploads\/2026\/02\/freepik__real-estate-rental-traditional-chilean-home-red-cl__54073.png","datePublished":"2026-02-03T16:15:32+00:00","dateModified":"2026-04-08T22:55:25+00:00","breadcrumb":{"@id":"https:\/\/innovartepropiedades.cl\/site\/index.php\/servicios\/#breadcrumb"},"inLanguage":"es","potentialAction":[{"@type":"ReadAction","target":["https:\/\/innovartepropiedades.cl\/site\/index.php\/servicios\/"]}]},{"@type":"ImageObject","inLanguage":"es","@id":"https:\/\/innovartepropiedades.cl\/site\/index.php\/servicios\/#primaryimage","url":"https:\/\/innovartepropiedades.cl\/site\/wp-content\/uploads\/2026\/02\/freepik__real-estate-rental-traditional-chilean-home-red-cl__54073.png","contentUrl":"https:\/\/innovartepropiedades.cl\/site\/wp-content\/uploads\/2026\/02\/freepik__real-estate-rental-traditional-chilean-home-red-cl__54073.png","width":794,"height":794},{"@type":"BreadcrumbList","@id":"https:\/\/innovartepropiedades.cl\/site\/index.php\/servicios\/#breadcrumb","itemListElement":[{"@type":"ListItem","position":1,"name":"Portada","item":"https:\/\/innovartepropiedades.cl\/site\/"},{"@type":"ListItem","position":2,"name":"Servicios"}]},{"@type":"WebSite","@id":"https:\/\/innovartepropiedades.cl\/site\/#website","url":"https:\/\/innovartepropiedades.cl\/site\/","name":"Innovarte Propiedades","description":"Arrienda y vende sin complicaciones","potentialAction":[{"@type":"SearchAction","target":{"@type":"EntryPoint","urlTemplate":"https:\/\/innovartepropiedades.cl\/site\/?s={search_term_string}"},"query-input":{"@type":"PropertyValueSpecification","valueRequired":true,"valueName":"search_term_string"}}],"inLanguage":"es"}]}},"_links":{"self":[{"href":"https:\/\/innovartepropiedades.cl\/site\/index.php\/wp-json\/wp\/v2\/pages\/20","targetHints":{"allow":["GET"]}}],"collection":[{"href":"https:\/\/innovartepropiedades.cl\/site\/index.php\/wp-json\/wp\/v2\/pages"}],"about":[{"href":"https:\/\/innovartepropiedades.cl\/site\/index.php\/wp-json\/wp\/v2\/types\/page"}],"author":[{"embeddable":true,"href":"https:\/\/innovartepropiedades.cl\/site\/index.php\/wp-json\/wp\/v2\/users\/2"}],"replies":[{"embeddable":true,"href":"https:\/\/innovartepropiedades.cl\/site\/index.php\/wp-json\/wp\/v2\/comments?post=20"}],"version-history":[{"count":12,"href":"https:\/\/innovartepropiedades.cl\/site\/index.php\/wp-json\/wp\/v2\/pages\/20\/revisions"}],"predecessor-version":[{"id":151,"href":"https:\/\/innovartepropiedades.cl\/site\/index.php\/wp-json\/wp\/v2\/pages\/20\/revisions\/151"}],"wp:attachment":[{"href":"https:\/\/innovartepropiedades.cl\/site\/index.php\/wp-json\/wp\/v2\/media?parent=20"}],"curies":[{"name":"wp","href":"https:\/\/api.w.org\/{rel}","templated":true}]}}